{"id":15,"date":"2021-11-21T15:14:41","date_gmt":"2021-11-21T15:14:41","guid":{"rendered":"http:\/\/www.andaluzkalauz.hu\/index.php\/services\/"},"modified":"2023-09-17T20:36:03","modified_gmt":"2023-09-17T20:36:03","slug":"services","status":"publish","type":"page","link":"https:\/\/www.andaluzkalauz.hu\/index.php\/services\/","title":{"rendered":"Services"},"content":{"rendered":"\t\t<div data-elementor-type=\"wp-page\" data-elementor-id=\"15\" class=\"elementor elementor-15\">\n\t\t\t\t\t\t\t\t\t<section class=\"elementor-section elementor-top-section elementor-element elementor-element-313a1ba elementor-reverse-mobile elementor-section-content-middle elementor-section-boxed elementor-section-height-default elementor-section-height-default\" data-id=\"313a1ba\" data-element_type=\"section\" data-settings=\"{&quot;background_background&quot;:&quot;classic&quot;}\">\n\t\t\t\t\t\t\t<div class=\"elementor-background-overlay\"><\/div>\n\t\t\t\t\t\t\t<div class=\"elementor-container elementor-column-gap-default\">\n\t\t\t\t\t<div class=\"elementor-column elementor-col-100 elementor-top-column elementor-element elementor-element-ddff12f\" data-id=\"ddff12f\" data-element_type=\"column\">\n\t\t\t<div class=\"elementor-widget-wrap elementor-element-populated\">\n\t\t\t\t\t\t\t\t<div class=\"elementor-element elementor-element-8cd5036 elementor-widget elementor-widget-heading\" data-id=\"8cd5036\" data-element_type=\"widget\" data-widget_type=\"heading.default\">\n\t\t\t\t<div class=\"elementor-widget-container\">\n\t\t\t<style>\/*! elementor - v3.18.0 - 20-12-2023 *\/\n.elementor-heading-title{padding:0;margin:0;line-height:1}.elementor-widget-heading .elementor-heading-title[class*=elementor-size-]>a{color:inherit;font-size:inherit;line-height:inherit}.elementor-widget-heading .elementor-heading-title.elementor-size-small{font-size:15px}.elementor-widget-heading .elementor-heading-title.elementor-size-medium{font-size:19px}.elementor-widget-heading .elementor-heading-title.elementor-size-large{font-size:29px}.elementor-widget-heading .elementor-heading-title.elementor-size-xl{font-size:39px}.elementor-widget-heading .elementor-heading-title.elementor-size-xxl{font-size:59px}<\/style><h1 class=\"elementor-heading-title elementor-size-default\">szolg\u00e1ltat\u00e1saink<\/h1>\t\t<\/div>\n\t\t\t\t<\/div>\n\t\t\t\t<div class=\"elementor-element elementor-element-bbd6665 elementor-widget elementor-widget-text-editor\" data-id=\"bbd6665\" data-element_type=\"widget\" data-widget_type=\"text-editor.default\">\n\t\t\t\t<div class=\"elementor-widget-container\">\n\t\t\t<style>\/*! elementor - v3.18.0 - 20-12-2023 *\/\n.elementor-widget-text-editor.elementor-drop-cap-view-stacked .elementor-drop-cap{background-color:#69727d;color:#fff}.elementor-widget-text-editor.elementor-drop-cap-view-framed .elementor-drop-cap{color:#69727d;border:3px solid;background-color:transparent}.elementor-widget-text-editor:not(.elementor-drop-cap-view-default) .elementor-drop-cap{margin-top:8px}.elementor-widget-text-editor:not(.elementor-drop-cap-view-default) .elementor-drop-cap-letter{width:1em;height:1em}.elementor-widget-text-editor .elementor-drop-cap{float:left;text-align:center;line-height:1;font-size:50px}.elementor-widget-text-editor .elementor-drop-cap-letter{display:inline-block}<\/style>\t\t\t\t<ul>\n<li>kalauzol\u00e1sok Andal\u00fazia t\u00f6rt\u00e9nelmi eml\u00e9kekben \u00e9s l\u00e1tv\u00e1nyoss\u00e1gokban gazdag v\u00e1rosaiban (Sevilla, Cordoba, Granada, Malaga, Ronda, Gibralt\u00e1r, Tarifa, stb.)<\/li>\n<li>kir\u00e1ndul\u00e1sok a tipikus andal\u00faz feh\u00e9r falvakba (Benalmadena, Mijas, Frigiliana, stb.)<\/li>\n<li>magyar nyelv\u0171 idegenvezet\u00e9s<\/li>\n<li>h\u00e1zt\u00f3l h\u00e1zig transzfer<\/li>\n<li>szem\u00e9lyre szabott programok<\/li>\n<li>t\u00far\u00e1k a Costal del Sol k\u00f6rny\u00e9ki hegyekben (Sierra Blanca, Sierra de las Nieves, El Torcal, stb.)<\/li><li style=\"font-size: 25px;\">k\u00fcl\u00f6nleges \u00e9lm\u00e9nyek (delfin- \u00e9s b\u00e1lnan\u00e9z\u0151 haj\u00f3kir\u00e1ndul\u00e1s, Caminito del Rey, Andal\u00fazia leghosszabb k\u00f6t\u00e9lp\u00e1ly\u00e1ja, stb.)<\/li>\n<li>rep\u00fcl\u0151t\u00e9ri \u00e9s egy\u00e9b transzferek Malaga vonz\u00e1sk\u00f6rzet\u00e9ben<\/li>\n<li>egynapos kir\u00e1ndul\u00e1s Tanger-be (Marokk\u00f3) partnerc\u00e9g\u00fcnk\u00f6n kereszt\u00fcl<\/li>\n<\/ul>\t\t\t\t\t\t<\/div>\n\t\t\t\t<\/div>\n\t\t\t\t\t<\/div>\n\t\t<\/div>\n\t\t\t\t\t\t\t<\/div>\n\t\t<\/section>\n\t\t\t\t\t\t\t<\/div>\n\t\t","protected":false},"excerpt":{"rendered":"<p>szolg\u00e1ltat\u00e1saink kalauzol\u00e1sok Andal\u00fazia t\u00f6rt\u00e9nelmi eml\u00e9kekben \u00e9s l\u00e1tv\u00e1nyoss\u00e1gokban gazdag v\u00e1rosaiban (Sevilla, Cordoba, Granada, Malaga, Ronda, Gibralt\u00e1r, Tarifa, stb.) kir\u00e1ndul\u00e1sok a tipikus andal\u00faz feh\u00e9r falvakba (Benalmadena, Mijas, Frigiliana, stb.) magyar nyelv\u0171 idegenvezet\u00e9s h\u00e1zt\u00f3l h\u00e1zig transzfer szem\u00e9lyre szabott programok t\u00far\u00e1k a Costal del Sol k\u00f6rny\u00e9ki hegyekben (Sierra Blanca, Sierra de las Nieves, El Torcal, stb.) k\u00fcl\u00f6nleges \u00e9lm\u00e9nyek (delfin- &hellip;<\/p>\n<p class=\"read-more\"> <a class=\"\" href=\"https:\/\/www.andaluzkalauz.hu\/index.php\/services\/\"> <span class=\"screen-reader-text\">Services<\/span> Read More &raquo;<\/a><\/p>\n","protected":false},"author":1,"featured_media":0,"parent":0,"menu_order":0,"comment_status":"closed","ping_status":"closed","template":"","meta":{"site-sidebar-layout":"no-sidebar","site-content-layout":"page-builder","ast-global-header-display":"","ast-banner-title-visibility":"","ast-main-header-display":"","ast-hfb-above-header-display":"","ast-hfb-below-header-display":"","ast-hfb-mobile-header-display":"","site-post-title":"disabled","ast-breadcrumbs-content":"","ast-featured-img":"disabled","footer-sml-layout":"","theme-transparent-header-meta":"enabled","adv-header-id-meta":"","stick-header-meta":"","header-above-stick-meta":"","header-main-stick-meta":"","header-below-stick-meta":"","footnotes":""},"class_list":["post-15","page","type-page","status-publish","hentry"],"yoast_head":"<!-- This site is optimized with the Yoast SEO plugin v21.7 - https:\/\/yoast.com\/wordpress\/plugins\/seo\/ -->\n<title>Services - Andal\u00faz Kalauz<\/title>\n<meta name=\"robots\" content=\"index, follow, max-snippet:-1, max-image-preview:large, max-video-preview:-1\" \/>\n<link rel=\"canonical\" href=\"https:\/\/www.andaluzkalauz.hu\/index.php\/services\/\" \/>\n<meta property=\"og:locale\" content=\"hu_HU\" \/>\n<meta property=\"og:type\" content=\"article\" \/>\n<meta property=\"og:title\" content=\"Services - Andal\u00faz Kalauz\" \/>\n<meta property=\"og:description\" content=\"szolg\u00e1ltat\u00e1saink kalauzol\u00e1sok Andal\u00fazia t\u00f6rt\u00e9nelmi eml\u00e9kekben \u00e9s l\u00e1tv\u00e1nyoss\u00e1gokban gazdag v\u00e1rosaiban (Sevilla, Cordoba, Granada, Malaga, Ronda, Gibralt\u00e1r, Tarifa, stb.) kir\u00e1ndul\u00e1sok a tipikus andal\u00faz feh\u00e9r falvakba (Benalmadena, Mijas, Frigiliana, stb.) magyar nyelv\u0171 idegenvezet\u00e9s h\u00e1zt\u00f3l h\u00e1zig transzfer szem\u00e9lyre szabott programok t\u00far\u00e1k a Costal del Sol k\u00f6rny\u00e9ki hegyekben (Sierra Blanca, Sierra de las Nieves, El Torcal, stb.) k\u00fcl\u00f6nleges \u00e9lm\u00e9nyek (delfin- &hellip; Services Read More &raquo;\" \/>\n<meta property=\"og:url\" content=\"https:\/\/www.andaluzkalauz.hu\/index.php\/services\/\" \/>\n<meta property=\"og:site_name\" content=\"Andal\u00faz Kalauz\" \/>\n<meta property=\"article:publisher\" content=\"https:\/\/www.facebook.com\/andaluzkalauz\" \/>\n<meta property=\"article:modified_time\" content=\"2023-09-17T20:36:03+00:00\" \/>\n<script type=\"application\/ld+json\" class=\"yoast-schema-graph\">{\"@context\":\"https:\/\/schema.org\",\"@graph\":[{\"@type\":\"WebPage\",\"@id\":\"https:\/\/www.andaluzkalauz.hu\/index.php\/services\/\",\"url\":\"https:\/\/www.andaluzkalauz.hu\/index.php\/services\/\",\"name\":\"Services - Andal\u00faz Kalauz\",\"isPartOf\":{\"@id\":\"https:\/\/www.andaluzkalauz.hu\/#website\"},\"datePublished\":\"2021-11-21T15:14:41+00:00\",\"dateModified\":\"2023-09-17T20:36:03+00:00\",\"breadcrumb\":{\"@id\":\"https:\/\/www.andaluzkalauz.hu\/index.php\/services\/#breadcrumb\"},\"inLanguage\":\"hu\",\"potentialAction\":[{\"@type\":\"ReadAction\",\"target\":[\"https:\/\/www.andaluzkalauz.hu\/index.php\/services\/\"]}]},{\"@type\":\"BreadcrumbList\",\"@id\":\"https:\/\/www.andaluzkalauz.hu\/index.php\/services\/#breadcrumb\",\"itemListElement\":[{\"@type\":\"ListItem\",\"position\":1,\"name\":\"Kezd\u0151lap\",\"item\":\"https:\/\/www.andaluzkalauz.hu\/\"},{\"@type\":\"ListItem\",\"position\":2,\"name\":\"Services\"}]},{\"@type\":\"WebSite\",\"@id\":\"https:\/\/www.andaluzkalauz.hu\/#website\",\"url\":\"https:\/\/www.andaluzkalauz.hu\/\",\"name\":\"Andal\u00faz Kalauz\",\"description\":\"Kir\u00e1ndul\u00e1sok, v\u00e1rosn\u00e9z\u00e9sek Andal\u00fazi\u00e1ban magyarul\",\"publisher\":{\"@id\":\"https:\/\/www.andaluzkalauz.hu\/#organization\"},\"potentialAction\":[{\"@type\":\"SearchAction\",\"target\":{\"@type\":\"EntryPoint\",\"urlTemplate\":\"https:\/\/www.andaluzkalauz.hu\/?s={search_term_string}\"},\"query-input\":\"required name=search_term_string\"}],\"inLanguage\":\"hu\"},{\"@type\":\"Organization\",\"@id\":\"https:\/\/www.andaluzkalauz.hu\/#organization\",\"name\":\"Andal\u00faz Kalauz\",\"alternateName\":\"Kir\u00e1ndul\u00e1sok, v\u00e1rosn\u00e9z\u00e9sek Andal\u00fazi\u00e1ban\",\"url\":\"https:\/\/www.andaluzkalauz.hu\/\",\"logo\":{\"@type\":\"ImageObject\",\"inLanguage\":\"hu\",\"@id\":\"https:\/\/www.andaluzkalauz.hu\/#\/schema\/logo\/image\/\",\"url\":\"https:\/\/www.andaluzkalauz.hu\/wp-content\/uploads\/2023\/07\/download.png\",\"contentUrl\":\"https:\/\/www.andaluzkalauz.hu\/wp-content\/uploads\/2023\/07\/download.png\",\"width\":250,\"height\":39,\"caption\":\"Andal\u00faz Kalauz\"},\"image\":{\"@id\":\"https:\/\/www.andaluzkalauz.hu\/#\/schema\/logo\/image\/\"},\"sameAs\":[\"https:\/\/www.facebook.com\/andaluzkalauz\"]}]}<\/script>\n<!-- \/ Yoast SEO plugin. -->","yoast_head_json":{"title":"Services - Andal\u00faz Kalauz","robots":{"index":"index","follow":"follow","max-snippet":"max-snippet:-1","max-image-preview":"max-image-preview:large","max-video-preview":"max-video-preview:-1"},"canonical":"https:\/\/www.andaluzkalauz.hu\/index.php\/services\/","og_locale":"hu_HU","og_type":"article","og_title":"Services - Andal\u00faz Kalauz","og_description":"szolg\u00e1ltat\u00e1saink kalauzol\u00e1sok Andal\u00fazia t\u00f6rt\u00e9nelmi eml\u00e9kekben \u00e9s l\u00e1tv\u00e1nyoss\u00e1gokban gazdag v\u00e1rosaiban (Sevilla, Cordoba, Granada, Malaga, Ronda, Gibralt\u00e1r, Tarifa, stb.) kir\u00e1ndul\u00e1sok a tipikus andal\u00faz feh\u00e9r falvakba (Benalmadena, Mijas, Frigiliana, stb.) magyar nyelv\u0171 idegenvezet\u00e9s h\u00e1zt\u00f3l h\u00e1zig transzfer szem\u00e9lyre szabott programok t\u00far\u00e1k a Costal del Sol k\u00f6rny\u00e9ki hegyekben (Sierra Blanca, Sierra de las Nieves, El Torcal, stb.) k\u00fcl\u00f6nleges \u00e9lm\u00e9nyek (delfin- &hellip; Services Read More &raquo;","og_url":"https:\/\/www.andaluzkalauz.hu\/index.php\/services\/","og_site_name":"Andal\u00faz Kalauz","article_publisher":"https:\/\/www.facebook.com\/andaluzkalauz","article_modified_time":"2023-09-17T20:36:03+00:00","schema":{"@context":"https:\/\/schema.org","@graph":[{"@type":"WebPage","@id":"https:\/\/www.andaluzkalauz.hu\/index.php\/services\/","url":"https:\/\/www.andaluzkalauz.hu\/index.php\/services\/","name":"Services - Andal\u00faz Kalauz","isPartOf":{"@id":"https:\/\/www.andaluzkalauz.hu\/#website"},"datePublished":"2021-11-21T15:14:41+00:00","dateModified":"2023-09-17T20:36:03+00:00","breadcrumb":{"@id":"https:\/\/www.andaluzkalauz.hu\/index.php\/services\/#breadcrumb"},"inLanguage":"hu","potentialAction":[{"@type":"ReadAction","target":["https:\/\/www.andaluzkalauz.hu\/index.php\/services\/"]}]},{"@type":"BreadcrumbList","@id":"https:\/\/www.andaluzkalauz.hu\/index.php\/services\/#breadcrumb","itemListElement":[{"@type":"ListItem","position":1,"name":"Kezd\u0151lap","item":"https:\/\/www.andaluzkalauz.hu\/"},{"@type":"ListItem","position":2,"name":"Services"}]},{"@type":"WebSite","@id":"https:\/\/www.andaluzkalauz.hu\/#website","url":"https:\/\/www.andaluzkalauz.hu\/","name":"Andal\u00faz Kalauz","description":"Kir\u00e1ndul\u00e1sok, v\u00e1rosn\u00e9z\u00e9sek Andal\u00fazi\u00e1ban magyarul","publisher":{"@id":"https:\/\/www.andaluzkalauz.hu\/#organization"},"potentialAction":[{"@type":"SearchAction","target":{"@type":"EntryPoint","urlTemplate":"https:\/\/www.andaluzkalauz.hu\/?s={search_term_string}"},"query-input":"required name=search_term_string"}],"inLanguage":"hu"},{"@type":"Organization","@id":"https:\/\/www.andaluzkalauz.hu\/#organization","name":"Andal\u00faz Kalauz","alternateName":"Kir\u00e1ndul\u00e1sok, v\u00e1rosn\u00e9z\u00e9sek Andal\u00fazi\u00e1ban","url":"https:\/\/www.andaluzkalauz.hu\/","logo":{"@type":"ImageObject","inLanguage":"hu","@id":"https:\/\/www.andaluzkalauz.hu\/#\/schema\/logo\/image\/","url":"https:\/\/www.andaluzkalauz.hu\/wp-content\/uploads\/2023\/07\/download.png","contentUrl":"https:\/\/www.andaluzkalauz.hu\/wp-content\/uploads\/2023\/07\/download.png","width":250,"height":39,"caption":"Andal\u00faz Kalauz"},"image":{"@id":"https:\/\/www.andaluzkalauz.hu\/#\/schema\/logo\/image\/"},"sameAs":["https:\/\/www.facebook.com\/andaluzkalauz"]}]}},"_links":{"self":[{"href":"https:\/\/www.andaluzkalauz.hu\/index.php\/wp-json\/wp\/v2\/pages\/15","targetHints":{"allow":["GET"]}}],"collection":[{"href":"https:\/\/www.andaluzkalauz.hu\/index.php\/wp-json\/wp\/v2\/pages"}],"about":[{"href":"https:\/\/www.andaluzkalauz.hu\/index.php\/wp-json\/wp\/v2\/types\/page"}],"author":[{"embeddable":true,"href":"https:\/\/www.andaluzkalauz.hu\/index.php\/wp-json\/wp\/v2\/users\/1"}],"replies":[{"embeddable":true,"href":"https:\/\/www.andaluzkalauz.hu\/index.php\/wp-json\/wp\/v2\/comments?post=15"}],"version-history":[{"count":76,"href":"https:\/\/www.andaluzkalauz.hu\/index.php\/wp-json\/wp\/v2\/pages\/15\/revisions"}],"predecessor-version":[{"id":2552,"href":"https:\/\/www.andaluzkalauz.hu\/index.php\/wp-json\/wp\/v2\/pages\/15\/revisions\/2552"}],"wp:attachment":[{"href":"https:\/\/www.andaluzkalauz.hu\/index.php\/wp-json\/wp\/v2\/media?parent=15"}],"curies":[{"name":"wp","href":"https:\/\/api.w.org\/{rel}","templated":true}]}}